{"id":64,"date":"2024-01-31T15:12:52","date_gmt":"2024-01-31T14:12:52","guid":{"rendered":"https:\/\/vspaudorf.ac.at\/wp\/?page_id=64"},"modified":"2025-10-02T17:15:55","modified_gmt":"2025-10-02T15:15:55","slug":"foerderkonzept","status":"publish","type":"page","link":"https:\/\/vspaudorf.ac.at\/index.php\/foerderkonzept\/","title":{"rendered":"F\u00f6rderkonzept"},"content":{"rendered":"\n<p class=\"has-accent-color has-text-color has-link-color has-regular-font-size wp-elements-2377ea7c56e8e3ec76820ef2a7327a9f\"><strong>F\u00f6rderunterricht<\/strong><\/p>\n\n\n\n<p class=\"has-small-font-size\">Es gibt in jeder Schulstufe F\u00f6rderunterricht. Hier arbeiten F\u00f6rderlehrerin, Sprachheilp\u00e4dagogin und Klassenlehrerin eng miteinander zusammen. Auch bieten wir besondere F\u00f6rderung Deutsch an, um Kindern mit nicht-deutscher Muttersprache eine bessere Unterst\u00fctzung beim Spracherwerb zu bieten.<\/p>\n\n\n\n<p><\/p>\n\n\n\n<p class=\"has-accent-color has-text-color has-link-color has-regular-font-size wp-elements-3a29f9661b827ac95a641ad30397adfe\"><strong>zus\u00e4tzliche Angebote<\/strong><\/p>\n\n\n\n<ul class=\"wp-block-list\">\n<li class=\"has-small-font-size\">Lese-F\u00f6rderung<\/li>\n\n\n\n<li class=\"has-small-font-size\">Sprachheilp\u00e4dagogik<\/li>\n\n\n\n<li class=\"has-small-font-size\">Gesunde Ern\u00e4hrung<\/li>\n\n\n\n<li class=\"has-small-font-size\">Musikalisches Gestalten<\/li>\n\n\n\n<li class=\"has-small-font-size\">Verkehrs- und Mobilit\u00e4tsbildung<\/li>\n<\/ul>\n\n\n\n<p><\/p>\n\n\n\n<p class=\"has-accent-color has-text-color has-link-color has-regular-font-size wp-elements-25e2477157e6623b1cdb007d9400d875\"><strong>F\u00f6rdern durch Integration<\/strong><\/p>\n\n\n\n<p class=\"has-small-font-size\">In unserer Schule sind alle herzlich Willkommen. Wir achten auf einen freundlichen Umgangston und auf ein gutes Miteinander. Wir m\u00f6chten eine integrative, sozial offene Gesellschaft vorleben.<\/p>\n\n\n\n<p><\/p>\n\n\n\n<p class=\"has-accent-color has-text-color has-link-color wp-elements-868fe8d5fa99b49a09c3e7f82e7408b1\"><strong>Peer-Learning<\/strong><\/p>\n\n\n\n<p class=\"has-small-font-size\">mit VOL Karin Leutgeb (ausgebildeter Peer Coach)<\/p>\n\n\n\n<p class=\"has-small-font-size\">Seit September 2015 setzen die Lehrerinnen der VS Paudorf &#8222;Peer-Learning&#8220; im Regelunterricht ein. Peer- Learning soll ein &#8222;eigenverantwortliches-soziales-m\u00fcndiges-Miteinander&#8220; als wesentlichen Grundstein f\u00fcr eine zukunftsorientierte Pers\u00f6nlichkeitsschulung vermitteln. Hier wird auf Augenh\u00f6he gelernt, eigene und fremde Grenzen werden erkannt und geachtet, ein respektvoller, wertsch\u00e4tzender und eigenverantwortlicher Umgang miteinander wird geschult.<br>Auch Team-Building stellt einen wesentlichen Punkt dar.<br>Reflektorische Sitzungen unter den Klassenlehrerinnen und der projektleitenden Lehrerin Karin Leutgeb erm\u00f6glichen ein erweitertes Handlungsfeld, welches wiederum den Kindern zugute kommt.<\/p>\n\n\n\n<p class=\"has-dark-gray-color has-text-color has-link-color wp-elements-bb4b9f4a9a4546d6dfd94def1b9c10e0\"><em>Grundstufe 1:<\/em><\/p>\n\n\n\n<p class=\"has-small-font-size\">Orientierungstage in den ersten 2 Schulwochen:<br>dies ist die Zeit der Gruppenbildung, Team Building und Klassenregelfindung<br>&#8211;&gt; Kinder bekommen einen Orientierungsrahmen.<br><br>Ein Buddy\/ Schutzengel f\u00fcr jeden Sch\u00fcler und Sch\u00fclerin ist die 1. Ansprechperson.<br>Er ist w\u00e4hrend der gro\u00dfen Pause bei seinem Sch\u00fctzling, erkl\u00e4rt ihm Regeln, unterst\u00fctzt, steht mit Rat und Tat zur Seite und begleitet ihn zum Sportplatz.<br>Gemeinsame Aktivit\u00e4ten am Anfang: vorlesen, Apfelstrudel backen, Turnen, Stunde am Spielplatz<br>&#8211;&gt; damit sich die Kinder besser kennenlernen<br><br><strong>vom ICH zum DU zum WIR<\/strong><\/p>\n\n\n\n<p><em>Grundstufe 2:<\/em><\/p>\n\n\n\n<p class=\"has-small-font-size\">Wir bilden einzelne Kinder zu Peer Mediatoren aus.<br>Sie agieren als eine Art Konfliktlotsen, d.h. kleinere Konflikte regeln sie selbst.<br>Sie helfen auch als Unterst\u00fctzung bei der Pausenaufsicht, Klassenrat\/ -parlament wird eingef\u00fchrt.<br>Schulung der Kommunikation:<br> -verbessert das Klassenklima,<br> &#8211; Sch\u00fclerinnen und Sch\u00fcler dr\u00fccken sich klarer aus,<br> &#8211; zeigen vermehrt ein selbstbewusstes Auftreten.<\/p>\n\n\n\n<p><\/p>\n\n\n\n<p class=\"has-accent-color has-text-color has-link-color wp-elements-2f7f7560378f1bdcf0778fd2aabc71fb\"><strong>F\u00f6rdern und Fordern im Rahmen der Ganztagsschule<\/strong><\/p>\n\n\n\n<p class=\"has-small-font-size\">Schulform: ganzt\u00e4gig gef\u00fchrte Schulform mit getrennter Abfolge seit 1996, d.h.:<br>Vormittag Unterricht, Nachmittag gelenkte Freizeit<\/p>\n\n\n\n<p class=\"has-dark-gray-color has-text-color has-link-color has-regular-font-size wp-elements-819193b4cc36364c298ffd9c4cf0e890\"><em>schulische Nachmittagsbetreuung<\/em><\/p>\n\n\n\n<p class=\"has-small-font-size\">Die Kinder haben bei uns die M\u00f6glichkeit zu lernen, ihre Talente und Begabungen zu entdecken und zu spielen.<br>Dabei orientieren wir uns an den Bed\u00fcrfnissen der Kinder und deren Eltern.<br>Betreuungszeit: MO-DO: 11:30 Uhr bis 17 Uhr<br> FR 11:30 Uhr bis 16 Uhr<br>In dieser Zeit werden Ihre Kinder von P\u00e4dagog*innen des Hilfswerks betreut.<\/p>\n\n\n\n<p class=\"has-small-font-size\">Nachstehend sehen Sie ein Beispiel, wie ein Nachmittag aussehen kann:<\/p>\n\n\n\n<figure class=\"wp-block-table alignfull\"><table><tbody><tr><td>11:30 &#8211; 12:10<\/td><td>1. Essen<\/td><td>Freizeitp\u00e4dagoginnen<\/td><td><\/td><td><\/td><\/tr><tr><td>12:10 &#8211; 13:00<\/td><td><\/td><td><\/td><td>Freizeit<\/td><td>Freizeitp\u00e4dagoginnen<\/td><\/tr><tr><td>12:30 &#8211; 13:00<\/td><td>2. Essen<\/td><td>Freizeitp\u00e4dagoginnen<\/td><td>Freizeit<\/td><td>Freizeitp\u00e4dagoginnen<\/td><\/tr><tr><td>ab 13:00<\/td><td>Lernstunde<\/td><td>Lehrerinnen<\/td><td>Freizeit<\/td><td>Freizeitp\u00e4dagoginnen<\/td><\/tr><tr><td>ab 14:15 &#8211; 17:00<\/td><td>Freizeit<\/td><td>Freizeitp\u00e4dagoginnen<\/td><td><\/td><td><\/td><\/tr><\/tbody><\/table><figcaption class=\"wp-element-caption\"><br>Die Anmeldung f\u00fcr das Kulturprogramm &#8222;Weltenbummler&#8220; erfolgt in der ersten Schulwoche f\u00fcr das ganze Jahr.<\/figcaption><\/figure>\n","protected":false},"excerpt":{"rendered":"<p>F\u00f6rderunterricht Es gibt in jeder Schulstufe F\u00f6rderunterricht. Hier arbeiten F\u00f6rderlehrerin, Sprachheilp\u00e4dagogin und Klassenlehrerin eng miteinander zusammen. Auch bieten wir besondere F\u00f6rderung Deutsch an, um Kindern mit nicht-deutscher Muttersprache eine bessere Unterst\u00fctzung beim Spracherwerb zu bieten. zus\u00e4tzliche Angebote F\u00f6rdern durch Integration&#8230; <a class=\"more-link\" href=\"https:\/\/vspaudorf.ac.at\/index.php\/foerderkonzept\/\">Weiterlesen &rarr;<\/a><\/p>\n","protected":false},"author":1,"featured_media":0,"parent":0,"menu_order":0,"comment_status":"closed","ping_status":"closed","template":"","meta":{"footnotes":""},"class_list":["post-64","page","type-page","status-publish","hentry"],"_links":{"self":[{"href":"https:\/\/vspaudorf.ac.at\/index.php\/wp-json\/wp\/v2\/pages\/64","targetHints":{"allow":["GET"]}}],"collection":[{"href":"https:\/\/vspaudorf.ac.at\/index.php\/wp-json\/wp\/v2\/pages"}],"about":[{"href":"https:\/\/vspaudorf.ac.at\/index.php\/wp-json\/wp\/v2\/types\/page"}],"author":[{"embeddable":true,"href":"https:\/\/vspaudorf.ac.at\/index.php\/wp-json\/wp\/v2\/users\/1"}],"replies":[{"embeddable":true,"href":"https:\/\/vspaudorf.ac.at\/index.php\/wp-json\/wp\/v2\/comments?post=64"}],"version-history":[{"count":14,"href":"https:\/\/vspaudorf.ac.at\/index.php\/wp-json\/wp\/v2\/pages\/64\/revisions"}],"predecessor-version":[{"id":1051,"href":"https:\/\/vspaudorf.ac.at\/index.php\/wp-json\/wp\/v2\/pages\/64\/revisions\/1051"}],"wp:attachment":[{"href":"https:\/\/vspaudorf.ac.at\/index.php\/wp-json\/wp\/v2\/media?parent=64"}],"curies":[{"name":"wp","href":"https:\/\/api.w.org\/{rel}","templated":true}]}}