{"id":62,"date":"2024-01-31T15:12:03","date_gmt":"2024-01-31T14:12:03","guid":{"rendered":"https:\/\/vspaudorf.ac.at\/wp\/?page_id=62"},"modified":"2025-05-23T07:09:37","modified_gmt":"2025-05-23T05:09:37","slug":"schwerpunkt-lesen","status":"publish","type":"page","link":"https:\/\/vspaudorf.ac.at\/index.php\/schwerpunkt-lesen\/","title":{"rendered":"Schwerpunkt Lesen"},"content":{"rendered":"\n<figure class=\"wp-block-image size-large\"><img loading=\"lazy\" decoding=\"async\" width=\"1024\" height=\"522\" src=\"https:\/\/vspaudorf.ac.at\/wp-content\/uploads\/2025\/05\/Alle-Kinder-lesen-Homepage-1024x522.jpg\" alt=\"\" class=\"wp-image-896\" srcset=\"https:\/\/vspaudorf.ac.at\/wp-content\/uploads\/2025\/05\/Alle-Kinder-lesen-Homepage-1024x522.jpg 1024w, https:\/\/vspaudorf.ac.at\/wp-content\/uploads\/2025\/05\/Alle-Kinder-lesen-Homepage-300x153.jpg 300w, https:\/\/vspaudorf.ac.at\/wp-content\/uploads\/2025\/05\/Alle-Kinder-lesen-Homepage-768x392.jpg 768w, https:\/\/vspaudorf.ac.at\/wp-content\/uploads\/2025\/05\/Alle-Kinder-lesen-Homepage-1536x783.jpg 1536w, https:\/\/vspaudorf.ac.at\/wp-content\/uploads\/2025\/05\/Alle-Kinder-lesen-Homepage-2048x1044.jpg 2048w, https:\/\/vspaudorf.ac.at\/wp-content\/uploads\/2025\/05\/Alle-Kinder-lesen-Homepage-600x306.jpg 600w, https:\/\/vspaudorf.ac.at\/wp-content\/uploads\/2025\/05\/Alle-Kinder-lesen-Homepage-945x482.jpg 945w\" sizes=\"auto, (max-width: 1024px) 100vw, 1024px\" \/><\/figure>\n\n\n\n<p class=\"has-small-font-size\">Lesen ist ein wichtiger Bestandteil des gesamten Lebens. Daher haben wir einen Schwerpunkt auf dieses Thema gelegt. Wir achten dabei auf:<\/p>\n\n\n\n<ul class=\"wp-block-list\">\n<li class=\"has-small-font-size\">einen regelm\u00e4\u00dfigen Besuch der Schulbibliothek<\/li>\n\n\n\n<li class=\"has-small-font-size\">die Arbeit mit den Leseheften von Gemeinsam Lesen<\/li>\n\n\n\n<li class=\"has-small-font-size\">die Arbeit mit den Lesefit-Heften<\/li>\n\n\n\n<li class=\"has-small-font-size\">eine regelm\u00e4\u00dfige Lesef\u00f6rderzeit mit Kinder mit Leseproblemen<\/li>\n\n\n\n<li class=\"has-small-font-size\">eigene Lesef\u00f6rderstunden<\/li>\n<\/ul>\n\n\n\n<p class=\"has-small-font-size\">Durch die intensive Arbeit von Lehrerinnen sowie Sch\u00fclerinnen und Sch\u00fcler wurde unsere Schule mit dem Leseg\u00fctesiegel der LeseKulturSchule ausgezeichnet. Weitere Kriterien daf\u00fcr sind ebenso:<\/p>\n\n\n\n<ul class=\"wp-block-list\">\n<li class=\"has-small-font-size\">das Thema Lesen beim Elternabend besprechen<\/li>\n\n\n\n<li class=\"has-small-font-size\">die ARGE Lesen den Eltern der 1. Klassen vorstellen<\/li>\n\n\n\n<li class=\"has-small-font-size\">Fortbildungen der Lehrerinnen im Bereich Lesen<\/li>\n\n\n\n<li class=\"has-small-font-size\">Lesungen, Theaterst\u00fccke, Lesenacht durchf\u00fchren<\/li>\n\n\n\n<li class=\"has-small-font-size\">uvm.<\/li>\n<\/ul>\n\n\n\n<p><\/p>\n\n\n\n<p class=\"has-accent-color has-text-color has-link-color has-regular-font-size wp-elements-b1921b8839d36da6f17bb5894c08c3f5\"><strong>Leser\u00e4ume<\/strong><\/p>\n\n\n\n<p class=\"has-small-font-size\">In unserer Schule ist uns das Lesen besonders wichtig. Darum gibt es auch au\u00dferhalb der Klassenr\u00e4ume M\u00f6glichkeiten sich zum Lesen zur\u00fcckzuziehen. Besonders beliebt ist dieses Leseh\u00e4uschen.<\/p>\n\n\n\n<figure class=\"wp-block-image size-large is-resized\"><img loading=\"lazy\" decoding=\"async\" width=\"768\" height=\"1024\" src=\"https:\/\/vspaudorf.ac.at\/wp-content\/uploads\/2025\/05\/Lesehaeuschen-768x1024.jpg\" alt=\"\" class=\"wp-image-891\" style=\"width:450px\" srcset=\"https:\/\/vspaudorf.ac.at\/wp-content\/uploads\/2025\/05\/Lesehaeuschen-768x1024.jpg 768w, https:\/\/vspaudorf.ac.at\/wp-content\/uploads\/2025\/05\/Lesehaeuschen-225x300.jpg 225w, https:\/\/vspaudorf.ac.at\/wp-content\/uploads\/2025\/05\/Lesehaeuschen-1152x1536.jpg 1152w, https:\/\/vspaudorf.ac.at\/wp-content\/uploads\/2025\/05\/Lesehaeuschen-1536x2048.jpg 1536w, https:\/\/vspaudorf.ac.at\/wp-content\/uploads\/2025\/05\/Lesehaeuschen-600x800.jpg 600w, https:\/\/vspaudorf.ac.at\/wp-content\/uploads\/2025\/05\/Lesehaeuschen-945x1260.jpg 945w, https:\/\/vspaudorf.ac.at\/wp-content\/uploads\/2025\/05\/Lesehaeuschen-scaled.jpg 1920w\" sizes=\"auto, (max-width: 768px) 100vw, 768px\" \/><\/figure>\n\n\n\n<p><\/p>\n\n\n\n<p class=\"has-accent-color has-text-color has-link-color has-regular-font-size wp-elements-25bf013f4d9649b0e4c1e67dbe1c7cdf\"><strong>Schulbibliothek<\/strong><\/p>\n\n\n\n<p class=\"has-small-font-size\">Auf unsere Bibliothek sind wir wirklich sehr stolz!<\/p>\n\n\n\n<figure class=\"wp-block-gallery has-nested-images columns-default is-cropped wp-block-gallery-1 is-layout-flex wp-block-gallery-is-layout-flex\">\n<figure class=\"wp-block-image size-large\"><img loading=\"lazy\" decoding=\"async\" width=\"768\" height=\"1024\" data-id=\"893\" src=\"https:\/\/vspaudorf.ac.at\/wp-content\/uploads\/2025\/05\/20220929_Bibliothek-768x1024.jpg\" alt=\"\" class=\"wp-image-893\" srcset=\"https:\/\/vspaudorf.ac.at\/wp-content\/uploads\/2025\/05\/20220929_Bibliothek-768x1024.jpg 768w, https:\/\/vspaudorf.ac.at\/wp-content\/uploads\/2025\/05\/20220929_Bibliothek-225x300.jpg 225w, https:\/\/vspaudorf.ac.at\/wp-content\/uploads\/2025\/05\/20220929_Bibliothek-1152x1536.jpg 1152w, https:\/\/vspaudorf.ac.at\/wp-content\/uploads\/2025\/05\/20220929_Bibliothek-1536x2048.jpg 1536w, https:\/\/vspaudorf.ac.at\/wp-content\/uploads\/2025\/05\/20220929_Bibliothek-600x800.jpg 600w, https:\/\/vspaudorf.ac.at\/wp-content\/uploads\/2025\/05\/20220929_Bibliothek-945x1260.jpg 945w, https:\/\/vspaudorf.ac.at\/wp-content\/uploads\/2025\/05\/20220929_Bibliothek-scaled.jpg 1920w\" sizes=\"auto, (max-width: 768px) 100vw, 768px\" \/><\/figure>\n\n\n\n<figure class=\"wp-block-image size-large\"><img loading=\"lazy\" decoding=\"async\" width=\"768\" height=\"1024\" data-id=\"894\" src=\"https:\/\/vspaudorf.ac.at\/wp-content\/uploads\/2025\/05\/IMG_20220929_142018-768x1024.jpg\" alt=\"\" class=\"wp-image-894\" srcset=\"https:\/\/vspaudorf.ac.at\/wp-content\/uploads\/2025\/05\/IMG_20220929_142018-768x1024.jpg 768w, https:\/\/vspaudorf.ac.at\/wp-content\/uploads\/2025\/05\/IMG_20220929_142018-225x300.jpg 225w, https:\/\/vspaudorf.ac.at\/wp-content\/uploads\/2025\/05\/IMG_20220929_142018-1152x1536.jpg 1152w, https:\/\/vspaudorf.ac.at\/wp-content\/uploads\/2025\/05\/IMG_20220929_142018-1536x2048.jpg 1536w, https:\/\/vspaudorf.ac.at\/wp-content\/uploads\/2025\/05\/IMG_20220929_142018-600x800.jpg 600w, https:\/\/vspaudorf.ac.at\/wp-content\/uploads\/2025\/05\/IMG_20220929_142018-945x1260.jpg 945w, https:\/\/vspaudorf.ac.at\/wp-content\/uploads\/2025\/05\/IMG_20220929_142018-scaled.jpg 1920w\" sizes=\"auto, (max-width: 768px) 100vw, 768px\" \/><\/figure>\n\n\n\n<figure class=\"wp-block-image size-large\"><img loading=\"lazy\" decoding=\"async\" width=\"1024\" height=\"768\" data-id=\"895\" src=\"https:\/\/vspaudorf.ac.at\/wp-content\/uploads\/2025\/05\/IMG_20220929_142301-1024x768.jpg\" alt=\"\" class=\"wp-image-895\" srcset=\"https:\/\/vspaudorf.ac.at\/wp-content\/uploads\/2025\/05\/IMG_20220929_142301-1024x768.jpg 1024w, https:\/\/vspaudorf.ac.at\/wp-content\/uploads\/2025\/05\/IMG_20220929_142301-300x225.jpg 300w, https:\/\/vspaudorf.ac.at\/wp-content\/uploads\/2025\/05\/IMG_20220929_142301-768x576.jpg 768w, https:\/\/vspaudorf.ac.at\/wp-content\/uploads\/2025\/05\/IMG_20220929_142301-1536x1152.jpg 1536w, https:\/\/vspaudorf.ac.at\/wp-content\/uploads\/2025\/05\/IMG_20220929_142301-2048x1536.jpg 2048w, https:\/\/vspaudorf.ac.at\/wp-content\/uploads\/2025\/05\/IMG_20220929_142301-600x450.jpg 600w, https:\/\/vspaudorf.ac.at\/wp-content\/uploads\/2025\/05\/IMG_20220929_142301-945x709.jpg 945w\" sizes=\"auto, (max-width: 1024px) 100vw, 1024px\" \/><\/figure>\n<\/figure>\n\n\n\n<p><\/p>\n\n\n\n<p class=\"has-accent-color has-text-color has-link-color has-regular-font-size wp-elements-370b959a513930a9c47c2d7a7982e7c2\"><strong>Lesepicknick<\/strong><\/p>\n\n\n\n<p class=\"has-small-font-size\">Unsere Schule veranstaltet jedes Jahr gemeinsam mit dem Kindergarten Eggendorf\/Paudorf ein Lesepicknick. Die Kinder der 3. Klasse treffen sich mit den Schulanf\u00e4ngern des Kindergartens und lesen ihre Lieblingsb\u00fccher vor. Auf diese Lese-Kooperation sind wir sehr stolz und freuen uns immer!<\/p>\n\n\n\n<p><\/p>\n","protected":false},"excerpt":{"rendered":"<p>Lesen ist ein wichtiger Bestandteil des gesamten Lebens. Daher haben wir einen Schwerpunkt auf dieses Thema gelegt. Wir achten dabei auf: Durch die intensive Arbeit von Lehrerinnen sowie Sch\u00fclerinnen und Sch\u00fcler wurde unsere Schule mit dem Leseg\u00fctesiegel der LeseKulturSchule ausgezeichnet&#8230;. <a class=\"more-link\" href=\"https:\/\/vspaudorf.ac.at\/index.php\/schwerpunkt-lesen\/\">Weiterlesen &rarr;<\/a><\/p>\n","protected":false},"author":1,"featured_media":0,"parent":0,"menu_order":0,"comment_status":"closed","ping_status":"closed","template":"","meta":{"footnotes":""},"class_list":["post-62","page","type-page","status-publish","hentry"],"_links":{"self":[{"href":"https:\/\/vspaudorf.ac.at\/index.php\/wp-json\/wp\/v2\/pages\/62","targetHints":{"allow":["GET"]}}],"collection":[{"href":"https:\/\/vspaudorf.ac.at\/index.php\/wp-json\/wp\/v2\/pages"}],"about":[{"href":"https:\/\/vspaudorf.ac.at\/index.php\/wp-json\/wp\/v2\/types\/page"}],"author":[{"embeddable":true,"href":"https:\/\/vspaudorf.ac.at\/index.php\/wp-json\/wp\/v2\/users\/1"}],"replies":[{"embeddable":true,"href":"https:\/\/vspaudorf.ac.at\/index.php\/wp-json\/wp\/v2\/comments?post=62"}],"version-history":[{"count":8,"href":"https:\/\/vspaudorf.ac.at\/index.php\/wp-json\/wp\/v2\/pages\/62\/revisions"}],"predecessor-version":[{"id":897,"href":"https:\/\/vspaudorf.ac.at\/index.php\/wp-json\/wp\/v2\/pages\/62\/revisions\/897"}],"wp:attachment":[{"href":"https:\/\/vspaudorf.ac.at\/index.php\/wp-json\/wp\/v2\/media?parent=62"}],"curies":[{"name":"wp","href":"https:\/\/api.w.org\/{rel}","templated":true}]}}