{"id":60,"date":"2024-01-31T15:09:02","date_gmt":"2024-01-31T14:09:02","guid":{"rendered":"https:\/\/vspaudorf.ac.at\/wp\/?page_id=60"},"modified":"2025-09-29T21:19:11","modified_gmt":"2025-09-29T19:19:11","slug":"auszeichnungen","status":"publish","type":"page","link":"https:\/\/vspaudorf.ac.at\/index.php\/auszeichnungen\/","title":{"rendered":"Auszeichnungen"},"content":{"rendered":"\n<div class=\"wp-block-group\"><div class=\"wp-block-group__inner-container is-layout-constrained wp-block-group-is-layout-constrained\">\n<div class=\"wp-block-group\"><div class=\"wp-block-group__inner-container is-layout-constrained wp-block-group-is-layout-constrained\">\n<p class=\"has-text-color has-link-color wp-elements-84c2caa92a2813795282b90858f636ed\" style=\"color:#4e1bdd\"><strong>LeseKulturSchule 2024-26<\/strong><strong><br>Singende Klingende Schule in Gold 2025<\/strong><\/p>\n<\/div><\/div>\n<\/div><\/div>\n\n\n\n<figure class=\"wp-block-image size-large\"><img loading=\"lazy\" decoding=\"async\" width=\"1024\" height=\"724\" src=\"https:\/\/vspaudorf.ac.at\/wp-content\/uploads\/2025\/09\/2025_05_Auszeichnungen2025-1-pdf-1024x724.jpg\" alt=\"\" class=\"wp-image-1012\"\/><\/figure>\n\n\n\n<p class=\"has-black-color has-text-color has-link-color wp-elements-98040b80f059d618e6a140c565869e80\">Unsere Schule wurde im Mai 2025 mit 2 G\u00fctesiegel ausgezeichnet:<br>Das G\u00fctesiegel &#8222;LeseKulturSchule 2024-26&#8220; f\u00fcr die besondere F\u00f6rderung im Lesen und<br>das G\u00fctesiegel in Gold \u201eSingende Klingende Schule\u201c f\u00fcr die musikalisch-p\u00e4dagogische Qualit\u00e4t.<\/p>\n\n\n\n<p class=\"has-text-color has-link-color wp-elements-7df2d9a8d97d3612a14c93603269d66f\" style=\"color:#1349eb\"><\/p>\n\n\n\n<p class=\"has-text-color has-link-color wp-elements-0d4f4e6e0f42df1e2ae91d2a13ce6126\" style=\"color:#480bf6\"><strong>\u00d6kolog Schule<\/strong><\/p>\n\n\n\n<p>Seit dem Schuljahr 2024\/25 nehmen wir beim Projekt \u00d6kolog Schule teil. Wir wollen den Kindern damit einen nachhaltigen Lebensstil n\u00e4her bringen und somit ihre Zukunft etwas umweltfreundlicher gestalten.<\/p>\n\n\n\n<figure class=\"wp-block-image size-large is-resized\"><img loading=\"lazy\" decoding=\"async\" width=\"724\" height=\"1024\" src=\"https:\/\/vspaudorf.ac.at\/wp-content\/uploads\/2025\/05\/2025_04_Urkunde-Oekologschule-1-724x1024.jpg\" alt=\"\" class=\"wp-image-911\" style=\"width:500px\" srcset=\"https:\/\/vspaudorf.ac.at\/wp-content\/uploads\/2025\/05\/2025_04_Urkunde-Oekologschule-1-724x1024.jpg 724w, https:\/\/vspaudorf.ac.at\/wp-content\/uploads\/2025\/05\/2025_04_Urkunde-Oekologschule-1-212x300.jpg 212w, https:\/\/vspaudorf.ac.at\/wp-content\/uploads\/2025\/05\/2025_04_Urkunde-Oekologschule-1-768x1086.jpg 768w, https:\/\/vspaudorf.ac.at\/wp-content\/uploads\/2025\/05\/2025_04_Urkunde-Oekologschule-1-1086x1536.jpg 1086w, https:\/\/vspaudorf.ac.at\/wp-content\/uploads\/2025\/05\/2025_04_Urkunde-Oekologschule-1-1448x2048.jpg 1448w, https:\/\/vspaudorf.ac.at\/wp-content\/uploads\/2025\/05\/2025_04_Urkunde-Oekologschule-1-600x849.jpg 600w, https:\/\/vspaudorf.ac.at\/wp-content\/uploads\/2025\/05\/2025_04_Urkunde-Oekologschule-1-945x1337.jpg 945w, https:\/\/vspaudorf.ac.at\/wp-content\/uploads\/2025\/05\/2025_04_Urkunde-Oekologschule-1-scaled.jpg 1810w\" sizes=\"auto, (max-width: 724px) 100vw, 724px\" \/><\/figure>\n\n\n\n<figure class=\"wp-block-image size-large is-resized\"><img loading=\"lazy\" decoding=\"async\" width=\"724\" height=\"1024\" src=\"https:\/\/vspaudorf.ac.at\/wp-content\/uploads\/2025\/05\/Leseguetesiegel-724x1024.jpg\" alt=\"\" class=\"wp-image-906\" style=\"width:500px\" srcset=\"https:\/\/vspaudorf.ac.at\/wp-content\/uploads\/2025\/05\/Leseguetesiegel-724x1024.jpg 724w, https:\/\/vspaudorf.ac.at\/wp-content\/uploads\/2025\/05\/Leseguetesiegel-212x300.jpg 212w, https:\/\/vspaudorf.ac.at\/wp-content\/uploads\/2025\/05\/Leseguetesiegel-768x1086.jpg 768w, https:\/\/vspaudorf.ac.at\/wp-content\/uploads\/2025\/05\/Leseguetesiegel-1086x1536.jpg 1086w, https:\/\/vspaudorf.ac.at\/wp-content\/uploads\/2025\/05\/Leseguetesiegel-1448x2048.jpg 1448w, https:\/\/vspaudorf.ac.at\/wp-content\/uploads\/2025\/05\/Leseguetesiegel-600x849.jpg 600w, https:\/\/vspaudorf.ac.at\/wp-content\/uploads\/2025\/05\/Leseguetesiegel-945x1337.jpg 945w, https:\/\/vspaudorf.ac.at\/wp-content\/uploads\/2025\/05\/Leseguetesiegel.jpg 1653w\" sizes=\"auto, (max-width: 724px) 100vw, 724px\" \/><\/figure>\n\n\n\n<p>Unsere Schule fordert und f\u00f6rdert das Lesen der Sch\u00fclerinnen und Sch\u00fcler. Daher wurde unsere Schule mit dem Leseg\u00fctesiegel ausgezeichnet.<\/p>\n\n\n\n<p><\/p>\n\n\n\n<figure class=\"wp-block-image size-large is-resized\"><img loading=\"lazy\" decoding=\"async\" width=\"724\" height=\"1024\" src=\"https:\/\/vspaudorf.ac.at\/wp-content\/uploads\/2025\/05\/UrkundeJugensingen-724x1024.jpg\" alt=\"\" class=\"wp-image-907\" style=\"width:500px\" srcset=\"https:\/\/vspaudorf.ac.at\/wp-content\/uploads\/2025\/05\/UrkundeJugensingen-724x1024.jpg 724w, https:\/\/vspaudorf.ac.at\/wp-content\/uploads\/2025\/05\/UrkundeJugensingen-212x300.jpg 212w, https:\/\/vspaudorf.ac.at\/wp-content\/uploads\/2025\/05\/UrkundeJugensingen-768x1086.jpg 768w, https:\/\/vspaudorf.ac.at\/wp-content\/uploads\/2025\/05\/UrkundeJugensingen-1086x1536.jpg 1086w, https:\/\/vspaudorf.ac.at\/wp-content\/uploads\/2025\/05\/UrkundeJugensingen-1448x2048.jpg 1448w, https:\/\/vspaudorf.ac.at\/wp-content\/uploads\/2025\/05\/UrkundeJugensingen-600x849.jpg 600w, https:\/\/vspaudorf.ac.at\/wp-content\/uploads\/2025\/05\/UrkundeJugensingen-945x1337.jpg 945w, https:\/\/vspaudorf.ac.at\/wp-content\/uploads\/2025\/05\/UrkundeJugensingen.jpg 1653w\" sizes=\"auto, (max-width: 724px) 100vw, 724px\" \/><\/figure>\n\n\n\n<p>Im Jahr 2023 nahm unsere Schule am Nieder\u00f6sterreichischen Jugendsingen teil. Hierf\u00fcr bekamen wir die Urkunde \u00fcberreicht.<\/p>\n\n\n\n<p><\/p>\n\n\n\n<figure class=\"wp-block-image size-large is-resized\"><img loading=\"lazy\" decoding=\"async\" width=\"724\" height=\"1024\" src=\"https:\/\/vspaudorf.ac.at\/wp-content\/uploads\/2025\/05\/Schulsportguetesiegel-724x1024.jpg\" alt=\"\" class=\"wp-image-908\" style=\"width:500px\" srcset=\"https:\/\/vspaudorf.ac.at\/wp-content\/uploads\/2025\/05\/Schulsportguetesiegel-724x1024.jpg 724w, https:\/\/vspaudorf.ac.at\/wp-content\/uploads\/2025\/05\/Schulsportguetesiegel-212x300.jpg 212w, https:\/\/vspaudorf.ac.at\/wp-content\/uploads\/2025\/05\/Schulsportguetesiegel-768x1086.jpg 768w, https:\/\/vspaudorf.ac.at\/wp-content\/uploads\/2025\/05\/Schulsportguetesiegel-1086x1536.jpg 1086w, https:\/\/vspaudorf.ac.at\/wp-content\/uploads\/2025\/05\/Schulsportguetesiegel-1448x2048.jpg 1448w, https:\/\/vspaudorf.ac.at\/wp-content\/uploads\/2025\/05\/Schulsportguetesiegel-600x849.jpg 600w, https:\/\/vspaudorf.ac.at\/wp-content\/uploads\/2025\/05\/Schulsportguetesiegel-945x1337.jpg 945w, https:\/\/vspaudorf.ac.at\/wp-content\/uploads\/2025\/05\/Schulsportguetesiegel.jpg 1653w\" sizes=\"auto, (max-width: 724px) 100vw, 724px\" \/><\/figure>\n\n\n\n<p>Unsere Kinder sind nicht nur sehr musikalisch, sondern auch sportlich. 2018 bekamen wir das Schulsportg\u00fctesiegel in Gold \u00fcberreicht.<\/p>\n\n\n\n<p><\/p>\n\n\n\n<figure class=\"wp-block-gallery has-nested-images columns-default is-cropped wp-block-gallery-1 is-layout-flex wp-block-gallery-is-layout-flex\">\n<figure class=\"wp-block-image size-large\"><img loading=\"lazy\" decoding=\"async\" width=\"724\" height=\"1024\" data-id=\"909\" src=\"https:\/\/vspaudorf.ac.at\/wp-content\/uploads\/2025\/05\/2024-06-Urkunde-unsereKlasseschwimmt-3Kl-724x1024.jpg\" alt=\"\" class=\"wp-image-909\" srcset=\"https:\/\/vspaudorf.ac.at\/wp-content\/uploads\/2025\/05\/2024-06-Urkunde-unsereKlasseschwimmt-3Kl-724x1024.jpg 724w, https:\/\/vspaudorf.ac.at\/wp-content\/uploads\/2025\/05\/2024-06-Urkunde-unsereKlasseschwimmt-3Kl-212x300.jpg 212w, https:\/\/vspaudorf.ac.at\/wp-content\/uploads\/2025\/05\/2024-06-Urkunde-unsereKlasseschwimmt-3Kl-768x1086.jpg 768w, https:\/\/vspaudorf.ac.at\/wp-content\/uploads\/2025\/05\/2024-06-Urkunde-unsereKlasseschwimmt-3Kl-1086x1536.jpg 1086w, https:\/\/vspaudorf.ac.at\/wp-content\/uploads\/2025\/05\/2024-06-Urkunde-unsereKlasseschwimmt-3Kl-1448x2048.jpg 1448w, https:\/\/vspaudorf.ac.at\/wp-content\/uploads\/2025\/05\/2024-06-Urkunde-unsereKlasseschwimmt-3Kl-600x849.jpg 600w, https:\/\/vspaudorf.ac.at\/wp-content\/uploads\/2025\/05\/2024-06-Urkunde-unsereKlasseschwimmt-3Kl-945x1337.jpg 945w, https:\/\/vspaudorf.ac.at\/wp-content\/uploads\/2025\/05\/2024-06-Urkunde-unsereKlasseschwimmt-3Kl.jpg 1653w\" sizes=\"auto, (max-width: 724px) 100vw, 724px\" \/><\/figure>\n\n\n\n<figure class=\"wp-block-image size-large\"><img loading=\"lazy\" decoding=\"async\" width=\"724\" height=\"1024\" data-id=\"910\" src=\"https:\/\/vspaudorf.ac.at\/wp-content\/uploads\/2025\/05\/2024-06-Urkunde-unsereKlasseschwimmt-4Kl-724x1024.jpg\" alt=\"\" class=\"wp-image-910\" srcset=\"https:\/\/vspaudorf.ac.at\/wp-content\/uploads\/2025\/05\/2024-06-Urkunde-unsereKlasseschwimmt-4Kl-724x1024.jpg 724w, https:\/\/vspaudorf.ac.at\/wp-content\/uploads\/2025\/05\/2024-06-Urkunde-unsereKlasseschwimmt-4Kl-212x300.jpg 212w, https:\/\/vspaudorf.ac.at\/wp-content\/uploads\/2025\/05\/2024-06-Urkunde-unsereKlasseschwimmt-4Kl-768x1086.jpg 768w, https:\/\/vspaudorf.ac.at\/wp-content\/uploads\/2025\/05\/2024-06-Urkunde-unsereKlasseschwimmt-4Kl-1086x1536.jpg 1086w, https:\/\/vspaudorf.ac.at\/wp-content\/uploads\/2025\/05\/2024-06-Urkunde-unsereKlasseschwimmt-4Kl-1448x2048.jpg 1448w, https:\/\/vspaudorf.ac.at\/wp-content\/uploads\/2025\/05\/2024-06-Urkunde-unsereKlasseschwimmt-4Kl-600x849.jpg 600w, https:\/\/vspaudorf.ac.at\/wp-content\/uploads\/2025\/05\/2024-06-Urkunde-unsereKlasseschwimmt-4Kl-945x1337.jpg 945w, https:\/\/vspaudorf.ac.at\/wp-content\/uploads\/2025\/05\/2024-06-Urkunde-unsereKlasseschwimmt-4Kl.jpg 1653w\" sizes=\"auto, (max-width: 724px) 100vw, 724px\" \/><\/figure>\n<\/figure>\n\n\n\n<p>Die Kinder der 3. und 4. Klasse schwammen beim Pinguin-Cup hervorragend. Die Staffel der 4. Klasse machte den 1. Platz und die Staffel der 3. Klasse den 3. Platz. Herzlichen Gl\u00fcckwunsch!<\/p>\n","protected":false},"excerpt":{"rendered":"<p>LeseKulturSchule 2024-26Singende Klingende Schule in Gold 2025 Unsere Schule wurde im Mai 2025 mit 2 G\u00fctesiegel ausgezeichnet:Das G\u00fctesiegel &#8222;LeseKulturSchule 2024-26&#8220; f\u00fcr die besondere F\u00f6rderung im Lesen unddas G\u00fctesiegel in Gold \u201eSingende Klingende Schule\u201c f\u00fcr die musikalisch-p\u00e4dagogische Qualit\u00e4t. \u00d6kolog Schule Seit&#8230; <a class=\"more-link\" href=\"https:\/\/vspaudorf.ac.at\/index.php\/auszeichnungen\/\">Weiterlesen &rarr;<\/a><\/p>\n","protected":false},"author":1,"featured_media":0,"parent":0,"menu_order":0,"comment_status":"closed","ping_status":"closed","template":"","meta":{"footnotes":""},"class_list":["post-60","page","type-page","status-publish","hentry"],"_links":{"self":[{"href":"https:\/\/vspaudorf.ac.at\/index.php\/wp-json\/wp\/v2\/pages\/60","targetHints":{"allow":["GET"]}}],"collection":[{"href":"https:\/\/vspaudorf.ac.at\/index.php\/wp-json\/wp\/v2\/pages"}],"about":[{"href":"https:\/\/vspaudorf.ac.at\/index.php\/wp-json\/wp\/v2\/types\/page"}],"author":[{"embeddable":true,"href":"https:\/\/vspaudorf.ac.at\/index.php\/wp-json\/wp\/v2\/users\/1"}],"replies":[{"embeddable":true,"href":"https:\/\/vspaudorf.ac.at\/index.php\/wp-json\/wp\/v2\/comments?post=60"}],"version-history":[{"count":18,"href":"https:\/\/vspaudorf.ac.at\/index.php\/wp-json\/wp\/v2\/pages\/60\/revisions"}],"predecessor-version":[{"id":1013,"href":"https:\/\/vspaudorf.ac.at\/index.php\/wp-json\/wp\/v2\/pages\/60\/revisions\/1013"}],"wp:attachment":[{"href":"https:\/\/vspaudorf.ac.at\/index.php\/wp-json\/wp\/v2\/media?parent=60"}],"curies":[{"name":"wp","href":"https:\/\/api.w.org\/{rel}","templated":true}]}}