{"id":58,"date":"2024-01-31T15:08:32","date_gmt":"2024-01-31T14:08:32","guid":{"rendered":"https:\/\/vspaudorf.ac.at\/wp\/?page_id=58"},"modified":"2026-02-26T17:46:45","modified_gmt":"2026-02-26T16:46:45","slug":"nachmittagsbetreuung","status":"publish","type":"page","link":"https:\/\/vspaudorf.ac.at\/index.php\/nachmittagsbetreuung\/","title":{"rendered":"Nachmittagsbetreuung"},"content":{"rendered":"\n<p class=\"has-small-font-size\">Mit September 2025 \u00fcbernimmt die Hilfswerk Betriebs GmbH die F\u00fchrung der Nachmittagsbetreuung, in Abstimmung mit der Gemeinde Paudorf und des Teams der Volksschule, in der Volksschule Paudorf. <\/p>\n\n\n\n<h2 class=\"wp-block-heading has-accent-color has-text-color has-link-color has-regular-font-size wp-elements-3b7e749521e187fb5bfc6016ab8d9e99\">Betreuungszeiten<\/h2>\n\n\n\n<p class=\"has-small-font-size\">Montag &#8211; Donnerstag von 11.30 Uhr bis 17.00 Uhr<br>Freitag von 11.30 Uhr bis 16.00 Uhr<\/p>\n\n\n\n<p class=\"has-small-font-size\">In dieser Zeit werden Ihre Kinder von den Freizeitp\u00e4dagoginnen Lisa Gattinger und Nicolina Sudia betreut.<\/p>\n\n\n\n<figure class=\"wp-block-gallery has-nested-images columns-default is-cropped wp-block-gallery-1 is-layout-flex wp-block-gallery-is-layout-flex\">\n<figure class=\"wp-block-image size-full\"><img loading=\"lazy\" decoding=\"async\" width=\"709\" height=\"709\" data-id=\"1171\" src=\"https:\/\/vspaudorf.ac.at\/wp-content\/uploads\/2026\/02\/LisaG-.jpg\" alt=\"\" class=\"wp-image-1171\" srcset=\"https:\/\/vspaudorf.ac.at\/wp-content\/uploads\/2026\/02\/LisaG-.jpg 709w, https:\/\/vspaudorf.ac.at\/wp-content\/uploads\/2026\/02\/LisaG--300x300.jpg 300w, https:\/\/vspaudorf.ac.at\/wp-content\/uploads\/2026\/02\/LisaG--150x150.jpg 150w, https:\/\/vspaudorf.ac.at\/wp-content\/uploads\/2026\/02\/LisaG--600x600.jpg 600w\" sizes=\"auto, (max-width: 709px) 100vw, 709px\" \/><figcaption class=\"wp-element-caption\">Lisa Gattinger<br>Leitung<\/figcaption><\/figure>\n\n\n\n<figure class=\"wp-block-image size-full\"><img loading=\"lazy\" decoding=\"async\" width=\"800\" height=\"1097\" data-id=\"975\" src=\"https:\/\/vspaudorf.ac.at\/wp-content\/uploads\/2025\/09\/Nicolina.jpg\" alt=\"\" class=\"wp-image-975\" srcset=\"https:\/\/vspaudorf.ac.at\/wp-content\/uploads\/2025\/09\/Nicolina.jpg 800w, https:\/\/vspaudorf.ac.at\/wp-content\/uploads\/2025\/09\/Nicolina-219x300.jpg 219w, https:\/\/vspaudorf.ac.at\/wp-content\/uploads\/2025\/09\/Nicolina-747x1024.jpg 747w, https:\/\/vspaudorf.ac.at\/wp-content\/uploads\/2025\/09\/Nicolina-768x1053.jpg 768w, https:\/\/vspaudorf.ac.at\/wp-content\/uploads\/2025\/09\/Nicolina-600x823.jpg 600w\" sizes=\"auto, (max-width: 800px) 100vw, 800px\" \/><figcaption class=\"wp-element-caption\">Nicolina Sudia<\/figcaption><\/figure>\n<\/figure>\n\n\n\n<p><\/p>\n\n\n\n<p>Lisa Gattinger wird die Leitung der Nachmittagsbetreuung \u00fcbernehmen. Sie wird die Kinder nach dem Unterricht \u00fcbernehmen und betreuen. <br>Nicolina Sudia ist unsere zweite Betreuerin. Auch sie wird die Betreuung \u00fcbernehmen und die Kinder begleiten.<br>Unser Betreuungsteam steht Ihnen \u00fcber Schoolfox und pers\u00f6nlich f\u00fcr Fragen und Anliegen zur Verf\u00fcgung.<\/p>\n\n\n\n<p><\/p>\n","protected":false},"excerpt":{"rendered":"<p>Mit September 2025 \u00fcbernimmt die Hilfswerk Betriebs GmbH die F\u00fchrung der Nachmittagsbetreuung, in Abstimmung mit der Gemeinde Paudorf und des Teams der Volksschule, in der Volksschule Paudorf. Betreuungszeiten Montag &#8211; Donnerstag von 11.30 Uhr bis 17.00 UhrFreitag von 11.30 Uhr&#8230; <a class=\"more-link\" href=\"https:\/\/vspaudorf.ac.at\/index.php\/nachmittagsbetreuung\/\">Weiterlesen &rarr;<\/a><\/p>\n","protected":false},"author":1,"featured_media":0,"parent":0,"menu_order":0,"comment_status":"closed","ping_status":"closed","template":"","meta":{"footnotes":""},"class_list":["post-58","page","type-page","status-publish","hentry"],"_links":{"self":[{"href":"https:\/\/vspaudorf.ac.at\/index.php\/wp-json\/wp\/v2\/pages\/58","targetHints":{"allow":["GET"]}}],"collection":[{"href":"https:\/\/vspaudorf.ac.at\/index.php\/wp-json\/wp\/v2\/pages"}],"about":[{"href":"https:\/\/vspaudorf.ac.at\/index.php\/wp-json\/wp\/v2\/types\/page"}],"author":[{"embeddable":true,"href":"https:\/\/vspaudorf.ac.at\/index.php\/wp-json\/wp\/v2\/users\/1"}],"replies":[{"embeddable":true,"href":"https:\/\/vspaudorf.ac.at\/index.php\/wp-json\/wp\/v2\/comments?post=58"}],"version-history":[{"count":14,"href":"https:\/\/vspaudorf.ac.at\/index.php\/wp-json\/wp\/v2\/pages\/58\/revisions"}],"predecessor-version":[{"id":1172,"href":"https:\/\/vspaudorf.ac.at\/index.php\/wp-json\/wp\/v2\/pages\/58\/revisions\/1172"}],"wp:attachment":[{"href":"https:\/\/vspaudorf.ac.at\/index.php\/wp-json\/wp\/v2\/media?parent=58"}],"curies":[{"name":"wp","href":"https:\/\/api.w.org\/{rel}","templated":true}]}}