{"id":52,"date":"2024-01-31T15:06:12","date_gmt":"2024-01-31T14:06:12","guid":{"rendered":"https:\/\/vspaudorf.ac.at\/wp\/?page_id=52"},"modified":"2025-06-13T09:37:36","modified_gmt":"2025-06-13T07:37:36","slug":"musikschwerpunkt","status":"publish","type":"page","link":"https:\/\/vspaudorf.ac.at\/index.php\/musikschwerpunkt\/","title":{"rendered":"Musikschwerpunkt"},"content":{"rendered":"\n<p class=\"has-small-font-size\">Bereits seit dem Jahr 1990 wird unsere Volksschule mit dem Schwerpunkt Musik gef\u00fchrt. Dies bedeutet, dass Musik im Unterricht eine zentrale Rolle einnimmt und in allen Unterrichtsgegenst\u00e4nden eingebaut wird. Es wird musiziert, getanzt und gesungen, an der Rhythmik gearbeitet und die Stimme ausgebildet. Zus\u00e4tzlich kooperieren wir mit der Musikschule Paudorf und bieten die Bl\u00e4serklasse an.<\/p>\n\n\n\n<p class=\"has-accent-color has-text-color has-link-color has-regular-font-size wp-elements-3bf7ca696ace55be7d7680d4f6382a16\"><strong>F\u00f6rdern durch Schwerpunktsetzung: Bl\u00e4serklasse<\/strong><\/p>\n\n\n\n<p class=\"has-small-font-size\">Die ortsans\u00e4ssige Musikschule Paudorf unter der Leitung von Direktor Martin Fischer bietet f\u00fcr Sch\u00fclerinnen und Sch\u00fcler der 3. und 4. Klasse die Bl\u00e4sergruppe an. <br><br><em>Die Unterrichtsziele sind:<\/em><\/p>\n\n\n\n<ul class=\"wp-block-list\">\n<li class=\"has-small-font-size\">Kennenlernen aller Instrumente und dessen Funktion im Orchester<\/li>\n\n\n\n<li class=\"has-small-font-size\">Erarbeiten der Voraussetzungen f\u00fcr das Erlernen eines Instruments wie Rhythmus, Noten, Tonh\u00f6he, Tonl\u00e4nge, Klangfarbe, etc.<\/li>\n\n\n\n<li class=\"has-small-font-size\">Vergabe eines Instruments nach der individuellen Eignung und Ber\u00fccksichtigung etwaiger W\u00fcnsche<\/li>\n\n\n\n<li class=\"has-small-font-size\">Jedes Kind hat &#8222;sein&#8220; Instrument<\/li>\n<\/ul>\n\n\n\n<p class=\"has-accent-color has-text-color has-link-color has-regular-font-size wp-elements-bbb130ea33262d6eba913e891b517f4f\"><strong>Musikalisches G\u00fctesiegel in Gold<\/strong><\/p>\n\n\n\n<p class=\"has-small-font-size\">Das G\u00fctesiegel &#8222;Singende Klingende Schule&#8220; erhielten wir im Mai 2025 zum 2. Mal in Gold.<\/p>\n\n\n\n<p class=\"has-small-font-size\">Unsere Sch\u00fclerinnen und Sch\u00fcler zeigen ihr K\u00f6nnen bei diversen Veranstaltungen.<\/p>\n\n\n\n<ul class=\"wp-block-list\">\n<li class=\"has-small-font-size\">Muttertagsfeier der Marktgemeinde Paudorf<\/li>\n\n\n\n<li class=\"has-small-font-size\">Er\u00f6ffnung des Adventmarktes des Kulturverein Paudorf<\/li>\n\n\n\n<li class=\"has-small-font-size\">&#8222;Sing ma mitanaund&#8220;- Adventsingen im Hellerhof<\/li>\n\n\n\n<li class=\"has-small-font-size\">Bezirksjugendsingen<\/li>\n\n\n\n<li class=\"has-small-font-size\">Auff\u00fchrung eines Musicals<\/li>\n\n\n\n<li class=\"has-small-font-size\">Er\u00f6ffnung des Schulfestes<\/li>\n\n\n\n<li class=\"has-small-font-size\">uvm.<\/li>\n<\/ul>\n\n\n\n<p class=\"has-small-font-size\">Diese Schwerpunktsetzung \u00e4u\u00dfert sich durch ein soziales Wohlbefinden aller Beteiligten, einer gest\u00e4rkten Klassengemeinschaft, gemeinsamen Erlebnissen, sozialer Integration und auch einem erleichterten Zugang zum Spracherwerb durch das Singen.<\/p>\n","protected":false},"excerpt":{"rendered":"<p>Bereits seit dem Jahr 1990 wird unsere Volksschule mit dem Schwerpunkt Musik gef\u00fchrt. Dies bedeutet, dass Musik im Unterricht eine zentrale Rolle einnimmt und in allen Unterrichtsgegenst\u00e4nden eingebaut wird. Es wird musiziert, getanzt und gesungen, an der Rhythmik gearbeitet und&#8230; <a class=\"more-link\" href=\"https:\/\/vspaudorf.ac.at\/index.php\/musikschwerpunkt\/\">Weiterlesen &rarr;<\/a><\/p>\n","protected":false},"author":1,"featured_media":0,"parent":0,"menu_order":0,"comment_status":"closed","ping_status":"closed","template":"","meta":{"footnotes":""},"class_list":["post-52","page","type-page","status-publish","hentry"],"_links":{"self":[{"href":"https:\/\/vspaudorf.ac.at\/index.php\/wp-json\/wp\/v2\/pages\/52","targetHints":{"allow":["GET"]}}],"collection":[{"href":"https:\/\/vspaudorf.ac.at\/index.php\/wp-json\/wp\/v2\/pages"}],"about":[{"href":"https:\/\/vspaudorf.ac.at\/index.php\/wp-json\/wp\/v2\/types\/page"}],"author":[{"embeddable":true,"href":"https:\/\/vspaudorf.ac.at\/index.php\/wp-json\/wp\/v2\/users\/1"}],"replies":[{"embeddable":true,"href":"https:\/\/vspaudorf.ac.at\/index.php\/wp-json\/wp\/v2\/comments?post=52"}],"version-history":[{"count":9,"href":"https:\/\/vspaudorf.ac.at\/index.php\/wp-json\/wp\/v2\/pages\/52\/revisions"}],"predecessor-version":[{"id":958,"href":"https:\/\/vspaudorf.ac.at\/index.php\/wp-json\/wp\/v2\/pages\/52\/revisions\/958"}],"wp:attachment":[{"href":"https:\/\/vspaudorf.ac.at\/index.php\/wp-json\/wp\/v2\/media?parent=52"}],"curies":[{"name":"wp","href":"https:\/\/api.w.org\/{rel}","templated":true}]}}