{"id":46,"date":"2024-01-31T15:02:31","date_gmt":"2024-01-31T14:02:31","guid":{"rendered":"https:\/\/vspaudorf.ac.at\/wp\/?page_id=46"},"modified":"2025-05-22T16:29:39","modified_gmt":"2025-05-22T14:29:39","slug":"elternverein","status":"publish","type":"page","link":"https:\/\/vspaudorf.ac.at\/index.php\/elternverein\/","title":{"rendered":"Elternverein"},"content":{"rendered":"\n<p class=\"has-large-font-size\"><strong>Schuljahr 2024\/25<\/strong><\/p>\n\n\n\n<p><em><strong>Obfrau:<\/strong><\/em> Cornelia Lechner<br><em><strong>Obfrau-Stellvertreterin:<\/strong><\/em> Bianca Schmidt-Ringseis<br><strong>Kassierin:<\/strong> Michaela Bauer<br><strong>Kassierin-Stv.: <\/strong>Sandra Hochgatterer<br><strong>Schriftf\u00fchrerin<\/strong>: Katharina Harm<br><strong>Schriftf\u00fchrer-Stv.<\/strong>: Karin Steiner<br><strong>Rechnungspr\u00fcfer<\/strong>: Michael Burchhart<br><strong>Rechnungspr\u00fcferin:<\/strong> Viktoria Melzer<br><\/p>\n\n\n\n<p class=\"has-regular-font-size\"><strong>Kontakt:<\/strong><br><strong><em>Email:<\/em><\/strong> ev.vs.paudorf@outlook.com<br><\/p>\n\n\n\n<p>Unser Elternverein freut sich immer \u00fcber neue Mitglieder und Unterst\u00fctzung. Schauen Sie gerne vorbei!<\/p>\n\n\n\n<p class=\"has-regular-font-size\"><strong>Homepage des Elternvereins: <\/strong><a href=\"https:\/\/elternverein-vs-paudorf.weebly.com\">www.<\/a><a href=\"https:\/\/elternverein-vs-paudorf.weebly.com\">elternverein-vs-paudorf.weebly.com<\/a><br><strong>Facebook- Seite des Elternvereins:<\/strong> <a href=\"https:\/\/www.facebook.com\/ElternvereinVolksschulePaudorf\">www.fb.com\/ElternvereinVolksschulePaudorf<\/a><\/p>\n\n\n\n<p><\/p>\n","protected":false},"excerpt":{"rendered":"<p>Schuljahr 2024\/25 Obfrau: Cornelia LechnerObfrau-Stellvertreterin: Bianca Schmidt-RingseisKassierin: Michaela BauerKassierin-Stv.: Sandra HochgattererSchriftf\u00fchrerin: Katharina HarmSchriftf\u00fchrer-Stv.: Karin SteinerRechnungspr\u00fcfer: Michael BurchhartRechnungspr\u00fcferin: Viktoria Melzer Kontakt:Email: ev.vs.paudorf@outlook.com Unser Elternverein freut sich immer \u00fcber neue Mitglieder und Unterst\u00fctzung. Schauen Sie gerne vorbei! Homepage des Elternvereins: www.elternverein-vs-paudorf.weebly.comFacebook- Seite&#8230; <a class=\"more-link\" href=\"https:\/\/vspaudorf.ac.at\/index.php\/elternverein\/\">Weiterlesen &rarr;<\/a><\/p>\n","protected":false},"author":1,"featured_media":0,"parent":0,"menu_order":0,"comment_status":"closed","ping_status":"closed","template":"","meta":{"footnotes":""},"class_list":["post-46","page","type-page","status-publish","hentry"],"_links":{"self":[{"href":"https:\/\/vspaudorf.ac.at\/index.php\/wp-json\/wp\/v2\/pages\/46","targetHints":{"allow":["GET"]}}],"collection":[{"href":"https:\/\/vspaudorf.ac.at\/index.php\/wp-json\/wp\/v2\/pages"}],"about":[{"href":"https:\/\/vspaudorf.ac.at\/index.php\/wp-json\/wp\/v2\/types\/page"}],"author":[{"embeddable":true,"href":"https:\/\/vspaudorf.ac.at\/index.php\/wp-json\/wp\/v2\/users\/1"}],"replies":[{"embeddable":true,"href":"https:\/\/vspaudorf.ac.at\/index.php\/wp-json\/wp\/v2\/comments?post=46"}],"version-history":[{"count":9,"href":"https:\/\/vspaudorf.ac.at\/index.php\/wp-json\/wp\/v2\/pages\/46\/revisions"}],"predecessor-version":[{"id":884,"href":"https:\/\/vspaudorf.ac.at\/index.php\/wp-json\/wp\/v2\/pages\/46\/revisions\/884"}],"wp:attachment":[{"href":"https:\/\/vspaudorf.ac.at\/index.php\/wp-json\/wp\/v2\/media?parent=46"}],"curies":[{"name":"wp","href":"https:\/\/api.w.org\/{rel}","templated":true}]}}